{"id":36,"date":"2016-07-25T09:41:36","date_gmt":"2016-07-25T12:41:36","guid":{"rendered":"http:\/\/localhost\/?page_id=36"},"modified":"2025-03-10T11:08:42","modified_gmt":"2025-03-10T14:08:42","slug":"contacto","status":"publish","type":"page","link":"https:\/\/www.xn--altosdeandubay-wnb.com.ar\/index.php\/contacto\/","title":{"rendered":"Contacto"},"content":{"rendered":"<p>[vc_row][vc_column width=&#8221;1\/2&#8243;]<h5 class=\"sc_title sc_title_regular margin_top_small\">Formulario<\/h5><div role=\"form\" class=\"wpcf7\" id=\"wpcf7-f1236-o1\" lang=\"es-AR\" dir=\"ltr\">\n<div class=\"screen-reader-response\"><\/div>\n<form action=\"\/index.php\/wp-json\/wp\/v2\/pages\/36#wpcf7-f1236-o1\" method=\"post\" class=\"wpcf7-form\" novalidate=\"novalidate\">\n<div style=\"display: none;\">\n<input type=\"hidden\" name=\"_wpcf7\" value=\"1236\" \/>\n<input type=\"hidden\" name=\"_wpcf7_version\" value=\"5.0.5\" \/>\n<input type=\"hidden\" name=\"_wpcf7_locale\" value=\"es_AR\" \/>\n<input type=\"hidden\" name=\"_wpcf7_unit_tag\" value=\"wpcf7-f1236-o1\" \/>\n<input type=\"hidden\" name=\"_wpcf7_container_post\" value=\"0\" \/>\n<\/div>\n<p><label> Tu nombre<br \/>\n    <span class=\"wpcf7-form-control-wrap your-name\"><input type=\"text\" name=\"your-name\" value=\"\" size=\"40\" class=\"wpcf7-form-control wpcf7-text wpcf7-validates-as-required\" aria-required=\"true\" aria-invalid=\"false\" \/><\/span> <\/label><\/p>\n<p><label> Tu correo electr\u00f3nico<br \/>\n    <span class=\"wpcf7-form-control-wrap your-email\"><input type=\"email\" name=\"your-email\" value=\"\" size=\"40\" class=\"wpcf7-form-control wpcf7-text wpcf7-email wpcf7-validates-as-required wpcf7-validates-as-email\" aria-required=\"true\" aria-invalid=\"false\" \/><\/span> <\/label><\/p>\n<p><label> Tu Tel\u00e9fono<br \/>\n    <span class=\"wpcf7-form-control-wrap your-phone\"><input type=\"tel\" name=\"your-phone\" value=\"\" size=\"40\" class=\"wpcf7-form-control wpcf7-text wpcf7-tel wpcf7-validates-as-required wpcf7-validates-as-tel\" aria-required=\"true\" aria-invalid=\"false\" \/><\/span> <\/label><\/p>\n<p><label> Asunto<br \/>\n    <span class=\"wpcf7-form-control-wrap your-subject\"><input type=\"text\" name=\"your-subject\" value=\"\" size=\"40\" class=\"wpcf7-form-control wpcf7-text wpcf7-validates-as-required\" aria-required=\"true\" aria-invalid=\"false\" \/><\/span> <\/label><\/p>\n<p><label> Tu mensaje (opcional)<br \/>\n    <span class=\"wpcf7-form-control-wrap your-message\"><textarea name=\"your-message\" cols=\"40\" rows=\"10\" class=\"wpcf7-form-control wpcf7-textarea\" aria-invalid=\"false\"><\/textarea><\/span> <\/label><br \/>\n<label><\/p>\n<div class=\"wpcf7-form-control-wrap\"><div data-sitekey=\"6LdBfd0oAAAAADKEFB2lj_in-zVwj-BSl78b4liw\" class=\"wpcf7-form-control g-recaptcha wpcf7-recaptcha\"><\/div>\n<noscript>\n\t<div style=\"width: 302px; height: 422px;\">\n\t\t<div style=\"width: 302px; height: 422px; position: relative;\">\n\t\t\t<div style=\"width: 302px; height: 422px; position: absolute;\">\n\t\t\t\t<iframe src=\"https:\/\/www.google.com\/recaptcha\/api\/fallback?k=6LdBfd0oAAAAADKEFB2lj_in-zVwj-BSl78b4liw\" frameborder=\"0\" scrolling=\"no\" style=\"width: 302px; height:422px; border-style: none;\">\n\t\t\t\t<\/iframe>\n\t\t\t<\/div>\n\t\t\t<div style=\"width: 300px; height: 60px; border-style: none; bottom: 12px; left: 25px; margin: 0px; padding: 0px; right: 25px; background: #f9f9f9; border: 1px solid #c1c1c1; border-radius: 3px;\">\n\t\t\t\t<textarea id=\"g-recaptcha-response\" name=\"g-recaptcha-response\" class=\"g-recaptcha-response\" style=\"width: 250px; height: 40px; border: 1px solid #c1c1c1; margin: 10px 25px; padding: 0px; resize: none;\">\n\t\t\t\t<\/textarea>\n\t\t\t<\/div>\n\t\t<\/div>\n\t<\/div>\n<\/noscript>\n<\/div>\n<p> <\/label><br \/>\n<input type=\"submit\" value=\"Enviar\" class=\"wpcf7-form-control wpcf7-submit\" \/><\/p>\n<div class=\"wpcf7-response-output wpcf7-display-none\"><\/div><\/form><\/div>[\/vc_column][vc_column width=&#8221;1\/2&#8243;]<h5 class=\"sc_title sc_title_regular margin_top_small\">Informaci\u00f3n<\/h5>[vc_column_text]<strong class=\"contacts\">Tel\u00e9fono:<\/strong> (3446) 15-369369<br \/>\n<strong class=\"contacts\">Direcci\u00f3n:<\/strong> Nogoya\u00a0285, Gualeguaych\u00fa &#8211; Entre R\u00edos<br \/>\n<strong class=\"contacts\">E-mail:<\/strong> <a href=\"mailto:info@altosde\u00f1andubay.com.ar\">info@altosde\u00f1andubay.com.ar<\/a>[\/vc_column_text]<h5 class=\"sc_title sc_title_regular margin_top_small margin_bottom_tiny\">Redes sociales<\/h5><div class=\"sc_socials sc_socials_type_icons sc_socials_shape_round sc_socials_size_tiny margin_bottom_huge\"><div class=\"sc_socials_item\"><a href=\"https:\/\/www.facebook.com\/Invertirengualeguaychu\/\" target=\"_blank\" class=\"social_icons social_facebook\"><span class=\"icon-facebook\"><\/span><\/a><\/div><div class=\"sc_socials_item\"><a href=\"https:\/\/www.instagram.com\/altosdenand\/\" target=\"_blank\" class=\"social_icons social_instagramm\"><span class=\"icon-instagramm\"><\/span><\/a><\/div><\/div>[\/vc_column][\/vc_row]<\/p>\n","protected":false},"excerpt":{"rendered":"<p>[vc_row][vc_column width=&#8221;1\/2&#8243;][\/vc_column][vc_column width=&#8221;1\/2&#8243;][vc_column_text]Tel\u00e9fono: (3446) 15-369369 Direcci\u00f3n: Nogoya\u00a0285, Gualeguaych\u00fa &#8211; Entre R\u00edos E-mail: info@altosde\u00f1andubay.com.ar[\/vc_column_text][\/vc_column][\/vc_row]<\/p>\n","protected":false},"author":1,"featured_media":0,"parent":0,"menu_order":0,"comment_status":"closed","ping_status":"closed","template":"","meta":[],"_links":{"self":[{"href":"https:\/\/www.xn--altosdeandubay-wnb.com.ar\/index.php\/wp-json\/wp\/v2\/pages\/36"}],"collection":[{"href":"https:\/\/www.xn--altosdeandubay-wnb.com.ar\/index.php\/wp-json\/wp\/v2\/pages"}],"about":[{"href":"https:\/\/www.xn--altosdeandubay-wnb.com.ar\/index.php\/wp-json\/wp\/v2\/types\/page"}],"author":[{"embeddable":true,"href":"https:\/\/www.xn--altosdeandubay-wnb.com.ar\/index.php\/wp-json\/wp\/v2\/users\/1"}],"replies":[{"embeddable":true,"href":"https:\/\/www.xn--altosdeandubay-wnb.com.ar\/index.php\/wp-json\/wp\/v2\/comments?post=36"}],"version-history":[{"count":31,"href":"https:\/\/www.xn--altosdeandubay-wnb.com.ar\/index.php\/wp-json\/wp\/v2\/pages\/36\/revisions"}],"predecessor-version":[{"id":1755,"href":"https:\/\/www.xn--altosdeandubay-wnb.com.ar\/index.php\/wp-json\/wp\/v2\/pages\/36\/revisions\/1755"}],"wp:attachment":[{"href":"https:\/\/www.xn--altosdeandubay-wnb.com.ar\/index.php\/wp-json\/wp\/v2\/media?parent=36"}],"curies":[{"name":"wp","href":"https:\/\/api.w.org\/{rel}","templated":true}]}}